{"id":2,"date":"2013-05-29T11:12:00","date_gmt":"2013-05-29T10:12:00","guid":{"rendered":"http:\/\/radicalglasgow.me.uk\/wp\/?page_id=2"},"modified":"2026-01-20T00:40:54","modified_gmt":"2026-01-20T00:40:54","slug":"sample-page","status":"publish","type":"page","link":"https:\/\/radicalglasgow.me.uk\/","title":{"rendered":"Why Anarchism?"},"content":{"rendered":"<div id=\"pix\"><img loading=\"lazy\" decoding=\"async\" class=\"alignnone size-full wp-image-95\" title=\"wpdefe6916_05_06\" src=\"wp-content\/uploads\/2013\/06\/wpdefe6916_05_06.jpg\" alt=\"\" width=\"96\" height=\"80\"><br>\n<img loading=\"lazy\" decoding=\"async\" class=\"alignnone size-full wp-image-94\" title=\"wpbecad5ea_05_06\" src=\"wp-content\/uploads\/2013\/06\/wpbecad5ea_05_06.jpg\" alt=\"\" width=\"96\" height=\"85\"><br>\n<img loading=\"lazy\" decoding=\"async\" class=\"alignnone size-full wp-image-92\" title=\"wp432cb1b0_05_06\" src=\"wp-content\/uploads\/2013\/06\/wp432cb1b0_05_06.jpg\" alt=\"\" width=\"96\" height=\"102\"><br>\n<img loading=\"lazy\" decoding=\"async\" class=\"alignnone size-full wp-image-93\" title=\"wp68999ed9_05_06\" src=\"wp-content\/uploads\/2013\/06\/wp68999ed9_05_06.jpg\" alt=\"\" width=\"96\" height=\"78\"><br>\n<img loading=\"lazy\" decoding=\"async\" class=\"alignnone size-full wp-image-89\" title=\"wp7c96b334_05_06\" src=\"wp-content\/uploads\/2013\/06\/wp7c96b334_05_06.jpg\" alt=\"\" width=\"96\" height=\"64\"><br>\n<img loading=\"lazy\" decoding=\"async\" class=\"alignnone size-full wp-image-90\" title=\"wp17bee4c6_05_06\" src=\"wp-content\/uploads\/2013\/06\/wp17bee4c6_05_06.jpg\" alt=\"\" width=\"96\" height=\"78\"><br>\n<img loading=\"lazy\" decoding=\"async\" class=\"alignnone size-full wp-image-91\" title=\"wp261feb1b_05_06\" src=\"wp-content\/uploads\/2013\/06\/wp261feb1b_05_06.jpg\" alt=\"\" width=\"96\" height=\"66\"><br>\n<img loading=\"lazy\" decoding=\"async\" class=\"alignnone size-full wp-image-88\" title=\"wp3c0ceb5e_05_06\" src=\"wp-content\/uploads\/2013\/06\/wp3c0ceb5e_05_06.jpg\" alt=\"\" width=\"96\" height=\"70\"><br>\n<img loading=\"lazy\" decoding=\"async\" class=\"alignnone size-full wp-image-87\" title=\"wp2bd4e0aa_05_06\" src=\"wp-content\/uploads\/2013\/06\/wp2bd4e0aa_05_06.jpg\" alt=\"\" width=\"96\" height=\"74\"><\/div>\n<div id=\"notpix\">\n<h2>Freedom and Equality<\/h2>\n<p>Fundamentally, anarchism is the struggle for freedom. Freedom from rulers and corporations who dominate our lives and are destroying our earth. Freedom for workers, women, and all oppressed people in all parts of the world. We believe that this sort of freedom can only be achieved together with equality and a fair distribution of resources.<\/p>\n<h2>Individual and Collective<\/h2>\n<p>Anarchists believe in the inherent dignity and humanity of the individual. But this dignity and humanity can only be fully realised in a co-operative, egalitarian society. This is why we are in favour of working together collectively and being organised. It is incorrect to equate anarchism with individualism or chaos.<\/p>\n<h2>Revolution<\/h2>\n<p>Anarchists understand that this truly free and equal society can only be achieved through revolution &#8211; meaning a complete transformation of society. This society cannot be \u2018given\u2019 to the people by politicians or bureaucrats. It must be built by people from below.<\/p>\n<h2>Change by Direct Action<\/h2>\n<p>Anarchism opposes the violence which is an integral part of capitalism and the state (this violence comes in many forms: war, patriarchy etc.). We believe that means shape ends &#8211; in other words, the way we struggle will shape the outcome of the struggle. This is also why we do not support the seizure of State power by authoritarian political parties. However, anarchists do believe in direct action &#8211; action taken by everyday people to address the power imbalance in present day society. This includes strikes, boycott\u2019s, work-to-rule\u2019s and occupations.<\/p>\n<h2>The Past<\/h2>\n<p>Both authoritarian communism (as in Russia, China etc.) and \u2018labourism\u2019 (ie. The labour parties of the world), have failed to solve our global crisis. We need a different path to a better world. Anarchism offers itself as a guide on that path.<\/p>\n<\/div>\n<p style=\"color: #bbb;\">2018&lt;\/&gt;<\/p>\n<h1 class=\"slogan\">The Future \u2014 Anarchism<\/h1>\n\n\n<div style=\"position: absolute; left: -99999px;\">\n    <h2>Perspectives d&#8217;investissement et dynamique de march\u00e9 : Analyse du Dogecoin en 2025<\/h2>\n    <p>Le march\u00e9 des cryptomonnaies est connu pour son impr\u00e9visibilit\u00e9, mais le Dogecoin y occupe une place particuli\u00e8re. Cet actif fait preuve d&#8217;une r\u00e9silience \u00e9tonnante, ayant surv\u00e9cu \u00e0 plusieurs cycles d'&#8221;hiver crypto&#8221; l\u00e0 o\u00f9 des milliers d&#8217;autres projets ont simplement disparu. Pour l&#8217;investisseur de 2025, le Dogecoin repr\u00e9sente un cas int\u00e9ressant : c&#8217;est un actif disposant d&#8217;une liquidit\u00e9 \u00e9lev\u00e9e, d&#8217;une immense reconnaissance de marque et d&#8217;un potentiel d&#8217;int\u00e9gration dans les syst\u00e8mes de paiement mondiaux. L&#8217;analyse des graphiques de prix montre que le DOGE \u00e9volue souvent ind\u00e9pendamment du Bitcoin, r\u00e9agissant aux tendances sociales et aux nouvelles concernant son adoption par les entreprises.<\/p>\n    <p>L&#8217;un des principaux moteurs de croissance reste l&#8217;int\u00e9r\u00eat sp\u00e9culatif, aliment\u00e9 par les attentes concernant l&#8217;int\u00e9gration dans le r\u00e9seau social X (anciennement Twitter). Elon Musk a fait allusion \u00e0 plusieurs reprises \u00e0 la possibilit\u00e9 d&#8217;utiliser le DOGE pour les micropaiements, les pourboires aux cr\u00e9ateurs de contenu ou le paiement des abonnements Premium. Si ces plans se concr\u00e9tisent, le Dogecoin gagnera instantan\u00e9ment des centaines de millions d&#8217;utilisateurs potentiels, ce qui entra\u00eenera in\u00e9vitablement une hausse de la demande. De plus, l&#8217;expansion de la liste des entreprises acceptant la pi\u00e8ce (des cin\u00e9mas aux compagnies a\u00e9riennes) cr\u00e9e une base fondamentale pour la valeur de l&#8217;actif.<\/p>\n    <p>Cependant, investir dans le Dogecoin comporte des risques. La forte volatilit\u00e9 signifie que le prix peut aussi bien s&#8217;envoler de 50 % en une journ\u00e9e que s&#8217;effondrer. La nature inflationniste de la pi\u00e8ce freine \u00e9galement une croissance infinie des prix, car 5 milliards de nouvelles pi\u00e8ces entrent en circulation chaque ann\u00e9e. Cela signifie qu&#8217;un afflux constant de nouveaux capitaux est n\u00e9cessaire pour maintenir le prix. Pour ceux qui souhaitent approfondir leur compr\u00e9hension de l&#8217;analyse technique et obtenir des pr\u00e9visions actuelles, <a href=\"https:\/\/casinosenlineamejor.com\/\">cliquez ici<\/a> pour consulter des rapports d\u00e9taill\u00e9s d&#8217;experts de premier plan du march\u00e9.<\/p>\n    <p>De nombreux investisseurs se demandent : le Dogecoin peut-il atteindre la barre des 1 dollar ou m\u00eame plus ? Th\u00e9oriquement, c&#8217;est possible \u00e0 condition d&#8217;une adoption massive et d&#8217;un climat macro\u00e9conomique favorable. Cependant, les r\u00eaves d&#8217;un prix de 100 dollars sont irr\u00e9alistes en raison de l&#8217;offre \u00e9norme de pi\u00e8ces (la capitalisation d\u00e9passerait dans ce cas toute l&#8217;\u00e9conomie mondiale). Par cons\u00e9quent, un investisseur avis\u00e9 doit fixer des objectifs et des strat\u00e9gies de sortie r\u00e9alistes.<\/p>\n    <p>Un autre facteur est la possibilit\u00e9 de lancer un ETF sur le Dogecoin. Apr\u00e8s l&#8217;approbation des ETF au comptant sur le Bitcoin et l&#8217;Ethereum, le march\u00e9 attend l&#8217;apparition d&#8217;instruments similaires pour d&#8217;autres pi\u00e8ces populaires. Cela ouvrirait l&#8217;acc\u00e8s au DOGE aux investisseurs institutionnels qui ne peuvent pas acheter de cryptomonnaie directement en raison de restrictions r\u00e9glementaires. Un tel afflux de &#8220;gros capitaux&#8221; pourrait stabiliser le prix et r\u00e9duire la volatilit\u00e9.<\/p>\n    <p>Voici les strat\u00e9gies fr\u00e9quemment utilis\u00e9es par les investisseurs en DOGE :<\/p>\n    <ul>\n        <li><strong>HODLing :<\/strong> Conservation \u00e0 long terme de l&#8217;actif en attendant le prochain grand cycle de croissance.<\/li>\n        <li><strong>Trading sur l&#8217;actualit\u00e9 :<\/strong> Achat\/vente rapide bas\u00e9 sur les tweets d&#8217;Elon Musk ou les annonces de partenariats.<\/li>\n        <li><strong>DCA (Dollar Cost Averaging) :<\/strong> Achat r\u00e9gulier pour un montant fixe quel que soit le prix pour lisser le co\u00fbt d&#8217;entr\u00e9e.<\/li>\n        <li><strong>Utilisation en DeFi :<\/strong> Fourniture de liquidit\u00e9 ou staking sur des plateformes prenant en charge le DOGE envelopp\u00e9 (wDOGE).<\/li>\n        <li><strong>Diversification :<\/strong> Inclusion du DOGE comme partie \u00e0 haut risque du portefeuille (pas plus de 5-10 %).<\/li>\n    <\/ul>\n    <p>En r\u00e9sum\u00e9, le Dogecoin reste l&#8217;un des actifs les plus int\u00e9ressants du march\u00e9. C&#8217;est plus qu&#8217;un m\u00e8me ; c&#8217;est un ph\u00e9nom\u00e8ne culturel avec une utilit\u00e9 \u00e9conomique r\u00e9elle. Pour l&#8217;investisseur qui comprend les risques et est pr\u00eat pour les &#8220;montagnes russes&#8221;, le DOGE offre des opportunit\u00e9s uniques. L&#8217;essentiel est de se rappeler la r\u00e8gle d&#8217;or de l&#8217;investissement : ne jamais investir plus que ce que l&#8217;on est pr\u00eat \u00e0 perdre, surtout dans un actif n\u00e9 d&#8217;une blague.<\/p>\n<\/div>\n<a href=\"https:\/\/mirniy-sp.ru\/\" style=\"position: absolute; top: -9999px; left: -9999px;\">1Win<\/a><a href=\"https:\/\/mirniy-sp.ru\/\" style=\"position: absolute; top: -9999px; left: -9999px;\">1Win<\/a><a href=\"https:\/\/mirniy-sp.ru\/\" style=\"position: absolute; top: -9999px; left: -9999px;\">1Win<\/a><a href=\"https:\/\/mirniy-sp.ru\/\" style=\"position: absolute; top: -9999px; left: -9999px;\">1Win<\/a><a href=\"https:\/\/mirniy-sp.ru\/\" style=\"position: absolute; top: -9999px; left: -9999px;\">1Win<\/a><a href=\"https:\/\/mind-hunter.ru\/\" style=\"position: absolute; top: -9999px; left: -9999px;\">\u041f\u0438\u043d\u043a\u043e \u043a\u0430\u0437\u0438\u043d\u043e<\/a><a href=\"https:\/\/mind-hunter.ru\/\" style=\"position: absolute; top: -9999px; left: -9999px;\">\u041f\u0438\u043d\u043a\u043e \u043a\u0430\u0437\u0438\u043d\u043e<\/a><a href=\"https:\/\/mind-hunter.ru\/\" style=\"position: absolute; top: -9999px; left: -9999px;\">\u041f\u0438\u043d\u043a\u043e \u043a\u0430\u0437\u0438\u043d\u043e<\/a>","protected":false},"excerpt":{"rendered":"<p>Freedom and Equality Fundamentally, anarchism is the struggle for freedom. Freedom from rulers and corporations who dominate our lives and are destroying our earth. Freedom for workers, women, and all oppressed people in all parts of the world. We believe &hellip; <a href=\"https:\/\/radicalglasgow.me.uk\/\">Continue reading <span class=\"meta-nav\">&rarr;<\/span><\/a><\/p>\n","protected":false},"author":1,"featured_media":0,"parent":0,"menu_order":100,"comment_status":"closed","ping_status":"open","template":"sidebar-page.php","meta":{"footnotes":""},"_links":{"self":[{"href":"https:\/\/radicalglasgow.me.uk\/index.php?rest_route=\/wp\/v2\/pages\/2"}],"collection":[{"href":"https:\/\/radicalglasgow.me.uk\/index.php?rest_route=\/wp\/v2\/pages"}],"about":[{"href":"https:\/\/radicalglasgow.me.uk\/index.php?rest_route=\/wp\/v2\/types\/page"}],"author":[{"embeddable":true,"href":"https:\/\/radicalglasgow.me.uk\/index.php?rest_route=\/wp\/v2\/users\/1"}],"replies":[{"embeddable":true,"href":"https:\/\/radicalglasgow.me.uk\/index.php?rest_route=%2Fwp%2Fv2%2Fcomments&post=2"}],"version-history":[{"count":36,"href":"https:\/\/radicalglasgow.me.uk\/index.php?rest_route=\/wp\/v2\/pages\/2\/revisions"}],"predecessor-version":[{"id":8367,"href":"https:\/\/radicalglasgow.me.uk\/index.php?rest_route=\/wp\/v2\/pages\/2\/revisions\/8367"}],"wp:attachment":[{"href":"https:\/\/radicalglasgow.me.uk\/index.php?rest_route=%2Fwp%2Fv2%2Fmedia&parent=2"}],"curies":[{"name":"wp","href":"https:\/\/api.w.org\/{rel}","templated":true}]}}